{"id":91,"date":"2023-10-15T22:19:16","date_gmt":"2023-10-15T19:19:16","guid":{"rendered":"https:\/\/www.evergee.com.tr\/en\/?page_id=91"},"modified":"2024-03-18T17:57:09","modified_gmt":"2024-03-18T14:57:09","slug":"ball-valves-and-flow-control","status":"publish","type":"page","link":"https:\/\/www.evergee.com.tr\/en\/ball-valves-and-flow-control\/","title":{"rendered":"Ball Valves And Flow Control"},"content":{"rendered":"<section class=\"l-section wpb_row height_small\"><div class=\"l-section-overlay\" style=\"background:#0f131f\"><\/div><div class=\"l-section-h i-cf\"><div class=\"g-cols vc_row via_grid cols_1 laptops-cols_inherit tablets-cols_inherit mobiles-cols_1 valign_top type_default stacking_default\"><div class=\"wpb_column vc_column_container\"><div class=\"vc_column-inner\"><h1 class=\"w-post-elm post_title us_custom_ed05b3dd has_text_color align_center entry-title color_link_inherit\">Ball Valves And Flow Control<\/h1><\/div><\/div><\/div><\/div><\/section><section class=\"l-section wpb_row height_medium\"><div class=\"l-section-h i-cf\"><div class=\"g-cols vc_row via_grid cols_2 laptops-cols_inherit tablets-cols_inherit mobiles-cols_1 valign_middle type_default stacking_default\"><div class=\"wpb_column vc_column_container\"><div class=\"vc_column-inner\"><div class=\"wpb_text_column\"><div class=\"wpb_wrapper\"><p><strong>Maximum Safety and Reliability<\/strong><\/p>\n<p>This is what B\u00f6hmer requires of its products. For 60 years in Sprockh\u00f6vel and since 1999 in the second plant in Hattingen, B\u00f6hmer has been manufacturing ball valves that set standards for quality and operational safety.<\/p>\n<p>At the beginning, there was the idea of developing a safety shutdown valve for mining. The success of this product soon prompted our company to expand its portfolio to include oil, gas and district heating.<\/p>\n<p>B\u00f6hmer now manufactures ball valves for nearly every application, in sizes from DN 3 to DN 1400 (1\/8\u2033 to 56\u2033), suitable for pressures of up to 500 bar (Class 2500).<\/p>\n<\/div><\/div><div class=\"w-separator size_small\"><\/div><div class=\"wpb_text_column\"><div class=\"wpb_wrapper\"><blockquote>\n<p>B\u00f6hmer ball valves set standards throughout the world. Even the basic design of B\u00f6hmer products has been a touchstone for safety and reliability for more than a half century.<\/p>\n<\/blockquote>\n<\/div><\/div><\/div><\/div><div class=\"wpb_column vc_column_container\"><div class=\"vc_column-inner\"><div class=\"w-slider style_none fit_cover\"><div class=\"w-slider-h\"><div class=\"royalSlider\"><div class=\"rsContent\"><a class=\"rsImg\" data-rsw=\"550\" data-rsh=\"460\" href=\"https:\/\/www.evergee.com.tr\/en\/wp-content\/uploads\/sites\/2\/2023\/10\/88663919.jpg\"><span data-alt=\"\"><\/span><\/a><\/div><div class=\"rsContent\"><a class=\"rsImg\" data-rsw=\"550\" data-rsh=\"460\" href=\"https:\/\/www.evergee.com.tr\/en\/wp-content\/uploads\/sites\/2\/2023\/10\/36862930.jpg\"><span data-alt=\"\"><\/span><\/a><\/div><div class=\"rsContent\"><a class=\"rsImg\" data-rsw=\"550\" data-rsh=\"460\" href=\"https:\/\/www.evergee.com.tr\/en\/wp-content\/uploads\/sites\/2\/2023\/10\/76543830.jpeg\"><span data-alt=\"\"><\/span><\/a><\/div><div class=\"rsContent\"><a class=\"rsImg\" data-rsw=\"550\" data-rsh=\"460\" href=\"https:\/\/www.evergee.com.tr\/en\/wp-content\/uploads\/sites\/2\/2023\/10\/84989505.jpeg\"><span data-alt=\"\"><\/span><\/a><\/div><\/div><img decoding=\"async\" src=\"https:\/\/www.evergee.com.tr\/en\/wp-content\/uploads\/sites\/2\/2023\/10\/88663919.jpg\" width=\"550\" height=\"460\" alt loading=\"lazy\"><\/div><div class=\"w-slider-json\" onclick='return {&quot;autoScaleSlider&quot;:true,&quot;loop&quot;:true,&quot;fadeInLoadedSlide&quot;:false,&quot;slidesSpacing&quot;:0,&quot;imageScalePadding&quot;:0,&quot;numImagesToPreload&quot;:2,&quot;arrowsNav&quot;:true,&quot;arrowsNavAutoHide&quot;:false,&quot;transitionType&quot;:&quot;move&quot;,&quot;transitionSpeed&quot;:250,&quot;block&quot;:{&quot;moveEffect&quot;:&quot;none&quot;,&quot;speed&quot;:300},&quot;thumbs&quot;:{&quot;fitInViewport&quot;:false},&quot;controlNavigation&quot;:&quot;none&quot;,&quot;imageScaleMode&quot;:&quot;fill&quot;,&quot;autoScaleSliderWidth&quot;:550,&quot;autoScaleSliderHeight&quot;:460}'><\/div><\/div><\/div><\/div><\/div><\/div><\/section><section class=\"l-section wpb_row height_small\"><div class=\"l-section-h i-cf\"><div class=\"g-cols vc_row via_grid cols_2 laptops-cols_inherit tablets-cols_inherit mobiles-cols_1 valign_middle type_default stacking_default\"><div class=\"wpb_column vc_column_container\"><div class=\"vc_column-inner\"><div class=\"w-image align_center\"><div class=\"w-image-h\"><img decoding=\"async\" width=\"1024\" height=\"580\" src=\"https:\/\/www.evergee.com.tr\/en\/wp-content\/uploads\/sites\/2\/2023\/10\/bohmer-logo.jpg\" class=\"attachment-large size-large\" alt=\"\" loading=\"lazy\" srcset=\"https:\/\/www.evergee.com.tr\/en\/wp-content\/uploads\/sites\/2\/2023\/10\/bohmer-logo.jpg 1024w, https:\/\/www.evergee.com.tr\/en\/wp-content\/uploads\/sites\/2\/2023\/10\/bohmer-logo-300x170.jpg 300w\" sizes=\"(max-width: 1024px) 100vw, 1024px\" \/><\/div><\/div><\/div><\/div><div class=\"wpb_column vc_column_container\"><div class=\"vc_column-inner\"><div class=\"w-video align_center ratio_16x9 has_iframe\"><div class=\"w-video-h\"><iframe title=\"Youtube video player\" src=\"\/\/www.youtube.com\/embed\/Vw2BThs2rh4?autoplay=0&controls=1&origin=https:\/\/www.evergee.com.tr\/en&loop=0&mute=0\" allowfullscreen=\"1\" loading=\"lazy\"><\/iframe><\/div><div class=\"w-video-icon\" style=\"font-size:1.5rem;background:rgba(0,0,0,0.5);color:#fff\"><\/div><\/div><\/div><\/div><\/div><\/div><\/section><section class=\"l-section wpb_row height_small\"><div class=\"l-section-h i-cf\"><div class=\"g-cols vc_row via_grid cols_2 laptops-cols_inherit tablets-cols_inherit mobiles-cols_1 valign_middle type_default stacking_default\"><div class=\"wpb_column vc_column_container\"><div class=\"vc_column-inner\"><div class=\"w-video align_center ratio_16x9 has_iframe\"><div class=\"w-video-h\"><iframe title=\"Youtube video player\" src=\"\/\/www.youtube.com\/embed\/ViAO5m5xCk8?autoplay=0&controls=1&origin=https:\/\/www.evergee.com.tr\/en&loop=0&mute=0\" allowfullscreen=\"1\" loading=\"lazy\"><\/iframe><\/div><div class=\"w-video-icon\" style=\"font-size:1.5rem;background:rgba(0,0,0,0.5);color:#fff\"><\/div><\/div><\/div><\/div><div class=\"wpb_column vc_column_container\"><div class=\"vc_column-inner\"><div class=\"w-video align_center ratio_16x9 has_iframe\"><div class=\"w-video-h\"><iframe title=\"Youtube video player\" src=\"\/\/www.youtube.com\/embed\/59Knk6LwrWg?autoplay=0&controls=1&origin=https:\/\/www.evergee.com.tr\/en&loop=0&mute=0\" allowfullscreen=\"1\" loading=\"lazy\"><\/iframe><\/div><div class=\"w-video-icon\" style=\"font-size:1.5rem;background:rgba(0,0,0,0.5);color:#fff\"><\/div><\/div><\/div><\/div><\/div><\/div><\/section><section class=\"l-section wpb_row height_small\"><div class=\"l-section-h i-cf\"><div class=\"g-cols vc_row via_grid cols_2 laptops-cols_inherit tablets-cols_inherit mobiles-cols_1 valign_top type_default stacking_default\"><div class=\"wpb_column vc_column_container\"><div class=\"vc_column-inner\"><div class=\"w-tabs style_default switch_click accordion has_scrolling\" style=\"--sections-title-size:inherit\"><div class=\"w-tabs-sections titles-align_none icon_chevron cpos_right\"><div class=\"w-tabs-section\" id=\"se21\"><button class=\"w-tabs-section-header\" aria-controls=\"content-se21\" aria-expanded=\"false\"><div class=\"w-tabs-section-title\">B\u00d6HMER I Construction of pipelines<\/div><div class=\"w-tabs-section-control\"><\/div><\/button><div  class=\"w-tabs-section-content\" id=\"content-se21\"><div class=\"w-tabs-section-content-h i-cf\"><div class=\"wpb_text_column\"><div class=\"wpb_wrapper\"><p>B\u00f6hmer ball valves ensure safe operation of transportation and distribution pipelines for gas and oil all over the world.<\/p>\n<\/div><\/div><\/div><\/div><\/div><div class=\"w-tabs-section\" id=\"oedf\"><button class=\"w-tabs-section-header\" aria-controls=\"content-oedf\" aria-expanded=\"false\"><div class=\"w-tabs-section-title\">B\u00d6HMER I Refineries and industrial plants<\/div><div class=\"w-tabs-section-control\"><\/div><\/button><div  class=\"w-tabs-section-content\" id=\"content-oedf\"><div class=\"w-tabs-section-content-h i-cf\"><div class=\"wpb_text_column\"><div class=\"wpb_wrapper\"><p>Our ball valves operate reliably in pipelines for products such as ethylene, propylene, propane, and butane, but also in the control of cracking processes. Safe operation is ensured by our ball valves designed for specific applications even in critical transitional phases in which the fluid can be in both a liquid and a gaseous state.<\/p>\n<\/div><\/div><\/div><\/div><\/div><div class=\"w-tabs-section\" id=\"sfa1\"><button class=\"w-tabs-section-header\" aria-controls=\"content-sfa1\" aria-expanded=\"false\"><div class=\"w-tabs-section-title\">B\u00d6HMER I Gas Storage<\/div><div class=\"w-tabs-section-control\"><\/div><\/button><div  class=\"w-tabs-section-content\" id=\"content-sfa1\"><div class=\"w-tabs-section-content-h i-cf\"><div class=\"wpb_text_column\"><div class=\"wpb_wrapper\"><p>B\u00f6hmer ball valves are also used in gas stores where safety is particularly important, e.g. in SAE safety shut down units.<\/p>\n<\/div><\/div><\/div><\/div><\/div><div class=\"w-tabs-section\" id=\"u066\"><button class=\"w-tabs-section-header\" aria-controls=\"content-u066\" aria-expanded=\"false\"><div class=\"w-tabs-section-title\">B\u00d6HMER I Onshore and Offshore<\/div><div class=\"w-tabs-section-control\"><\/div><\/button><div  class=\"w-tabs-section-content\" id=\"content-u066\"><div class=\"w-tabs-section-content-h i-cf\"><div class=\"wpb_text_column\"><div class=\"wpb_wrapper\"><p>B\u00f6hmer products, especially split body ball valves, are in use on onshore and offshore platforms throughout the world.<\/p>\n<\/div><\/div><\/div><\/div><\/div><\/div><\/div><\/div><\/div><div class=\"wpb_column vc_column_container\"><div class=\"vc_column-inner\"><div class=\"w-tabs style_default switch_click accordion has_scrolling\" style=\"--sections-title-size:inherit\"><div class=\"w-tabs-sections titles-align_none icon_chevron cpos_right\"><div class=\"w-tabs-section\" id=\"d6b8\"><button class=\"w-tabs-section-header\" aria-controls=\"content-d6b8\" aria-expanded=\"false\"><div class=\"w-tabs-section-title\">B\u00d6HMER I Hydraulics \/ Pneumatics<\/div><div class=\"w-tabs-section-control\"><\/div><\/button><div  class=\"w-tabs-section-content\" id=\"content-d6b8\"><div class=\"w-tabs-section-content-h i-cf\"><div class=\"wpb_text_column\"><div class=\"wpb_wrapper\"><p>B\u00f6hmer ball valves ensure reliable functioning of hydraulic and pneumatic machine components in construction and industry.<\/p>\n<\/div><\/div><\/div><\/div><\/div><div class=\"w-tabs-section\" id=\"u77b\"><button class=\"w-tabs-section-header\" aria-controls=\"content-u77b\" aria-expanded=\"false\"><div class=\"w-tabs-section-title\">B\u00d6HMER I Gases and special gases<\/div><div class=\"w-tabs-section-control\"><\/div><\/button><div  class=\"w-tabs-section-content\" id=\"content-u77b\"><div class=\"w-tabs-section-content-h i-cf\"><div class=\"wpb_text_column\"><div class=\"wpb_wrapper\"><p>The proven design and materials of B\u00f6hmer ball valves mean that they can be used for almost any gas.<\/p>\n<\/div><\/div><\/div><\/div><\/div><div class=\"w-tabs-section\" id=\"v831\"><button class=\"w-tabs-section-header\" aria-controls=\"content-v831\" aria-expanded=\"false\"><div class=\"w-tabs-section-title\">B\u00d6HMER I District heating and steam<\/div><div class=\"w-tabs-section-control\"><\/div><\/button><div  class=\"w-tabs-section-content\" id=\"content-v831\"><div class=\"w-tabs-section-content-h i-cf\"><div class=\"wpb_text_column\"><div class=\"wpb_wrapper\"><p>Insulated B\u00f6hmer ball valves prove their reliability in daily operation in aboveground and underground district heating networks, as well as in transfer stations.<\/p>\n<\/div><\/div><\/div><\/div><\/div><div class=\"w-tabs-section\" id=\"c8d7\"><button class=\"w-tabs-section-header\" aria-controls=\"content-c8d7\" aria-expanded=\"false\"><div class=\"w-tabs-section-title\">B\u00d6HMER I Construction of power plants<\/div><div class=\"w-tabs-section-control\"><\/div><\/button><div  class=\"w-tabs-section-content\" id=\"content-c8d7\"><div class=\"w-tabs-section-content-h i-cf\"><div class=\"wpb_text_column\"><div class=\"wpb_wrapper\"><p>B\u00f6hmer ball valves are in operation in all relevant sectors (gas, oil, district heating\/steam, special gasses and fluid solid substances)<\/p>\n<\/div><\/div><\/div><\/div><\/div><\/div><\/div><\/div><\/div><\/div><\/div><\/section><section class=\"l-section wpb_row height_small\"><div class=\"l-section-h i-cf\"><div class=\"g-cols vc_row via_grid cols_1 laptops-cols_inherit tablets-cols_inherit mobiles-cols_1 valign_top type_default stacking_default\"><div class=\"wpb_column vc_column_container\"><div class=\"vc_column-inner\"><div class=\"w-tabs layout_hor style_default switch_click has_scrolling\" style=\"--sections-title-size:1em\"><div class=\"w-tabs-list items_3 align_center\"><div class=\"w-tabs-list-h\"><button class=\"w-tabs-item active defined-active\" aria-controls=\"content-xff2\" aria-expanded=\"true\"><span class=\"w-tabs-item-title\">Fully Welded Valves<\/span><\/button><button class=\"w-tabs-item\" aria-controls=\"content-g12d\" aria-expanded=\"false\"><span class=\"w-tabs-item-title\">Split Body Valves<\/span><\/button><button class=\"w-tabs-item\" aria-controls=\"content-u23c\" aria-expanded=\"false\"><span class=\"w-tabs-item-title\">District Heating and Steam Valves<\/span><\/button><\/div><\/div><div class=\"w-tabs-sections titles-align_none icon_chevron cpos_right\"><div class=\"w-tabs-section active\" id=\"xff2\"><button class=\"w-tabs-section-header active\" aria-controls=\"content-xff2\" aria-expanded=\"true\"><div class=\"w-tabs-section-title\">Fully Welded Valves<\/div><div class=\"w-tabs-section-control\"><\/div><\/button><div  class=\"w-tabs-section-content\" id=\"content-xff2\"><div class=\"w-tabs-section-content-h i-cf\"><div class=\"wpb_text_column\"><div class=\"wpb_wrapper\"><p><strong>All-Around Dependability<\/strong><\/p>\n<p>Since ball valves are often subjected to extreme conditions, they must be designed so as to preclude corrosion in cracks due to forces exerted on weld seams. B\u00f6hmer ball valves are welded with full penetration through the complete cross section \u2013 flawlessly, without cracks and without any lack of fusion.<\/p>\n<p>Various testing procedures are used to confirm the tightness of the entire ball valve. Furthermore, weld seams undergo visual, magnet particle, ultrasonic and \u2013 if requested \u2013 radiographic testing.<\/p>\n<p>And we do not rely only on ourselves. We contract external institutions to confirm the perfection of our products. The weld seams thus comply with the legal regulations for the construction of pipelines, reservoirs, tanks and containers.<\/p>\n<p>Permanent operational safety of fully-welded ball valves is the No. 1 priority for B\u00f6hmer.<\/p>\n<\/div><\/div><\/div><\/div><\/div><div class=\"w-tabs-section\" id=\"g12d\"><button class=\"w-tabs-section-header\" aria-controls=\"content-g12d\" aria-expanded=\"false\"><div class=\"w-tabs-section-title\">Split Body Valves<\/div><div class=\"w-tabs-section-control\"><\/div><\/button><div  class=\"w-tabs-section-content\" id=\"content-g12d\"><div class=\"w-tabs-section-content-h i-cf\"><div class=\"wpb_text_column\"><div class=\"wpb_wrapper\"><p><strong>Experts for Agressive Fluids<\/strong><\/p>\n<p>Split body ball valves up to a nominal diameter of 56 inch are a integral component part of the B\u00f6hmer product line.<\/p>\n<p>Ball valves of this design are well suited for extremely abrasive and corrosive fluids.<\/p>\n<p>B\u00f6hmer ball valves with two-piece or three-piece bodies are designed for easy maintenance thanks to their continually improved design.<\/p>\n<p>Components or complete shutdown units can be replaced easily and efficiently.<\/p>\n<\/div><\/div><\/div><\/div><\/div><div class=\"w-tabs-section\" id=\"u23c\"><button class=\"w-tabs-section-header\" aria-controls=\"content-u23c\" aria-expanded=\"false\"><div class=\"w-tabs-section-title\">District Heating and Steam Valves<\/div><div class=\"w-tabs-section-control\"><\/div><\/button><div  class=\"w-tabs-section-content\" id=\"content-u23c\"><div class=\"w-tabs-section-content-h i-cf\"><div class=\"wpb_text_column\"><div class=\"wpb_wrapper\"><p><strong>Performance from Start to Finish<\/strong><\/p>\n<p>Ball valves for district heating and steam must prove their operational safety and endurance. Especially in the case of underground installation, maintenance-free operation for 30 years is the minimum requirement.<\/p>\n<p>All B\u00f6hmer district heating ball valves are designed to meet this requirement.<\/p>\n<p>There is a multitude of applications for district heating ball valves. From underground district heating systems to transfer stations, to in-house piping, B\u00f6hmer district heating ball valves excel in their exceptional reliability.<\/p>\n<\/div><\/div><\/div><\/div><\/div><\/div><\/div><\/div><\/div><\/div><\/div><\/section>\n","protected":false},"excerpt":{"rendered":"Ball Valves And Flow ControlMaximum Safety and Reliability This is what B\u00f6hmer requires of its products. For 60 years in Sprockh\u00f6vel and since 1999 in the second plant in Hattingen, B\u00f6hmer has been manufacturing ball valves that set standards for quality and operational safety. At the beginning, there was the idea of developing a safety...","protected":false},"author":1,"featured_media":0,"parent":0,"menu_order":0,"comment_status":"closed","ping_status":"closed","template":"","meta":{"footnotes":""},"_links":{"self":[{"href":"https:\/\/www.evergee.com.tr\/en\/wp-json\/wp\/v2\/pages\/91"}],"collection":[{"href":"https:\/\/www.evergee.com.tr\/en\/wp-json\/wp\/v2\/pages"}],"about":[{"href":"https:\/\/www.evergee.com.tr\/en\/wp-json\/wp\/v2\/types\/page"}],"author":[{"embeddable":true,"href":"https:\/\/www.evergee.com.tr\/en\/wp-json\/wp\/v2\/users\/1"}],"replies":[{"embeddable":true,"href":"https:\/\/www.evergee.com.tr\/en\/wp-json\/wp\/v2\/comments?post=91"}],"version-history":[{"count":6,"href":"https:\/\/www.evergee.com.tr\/en\/wp-json\/wp\/v2\/pages\/91\/revisions"}],"predecessor-version":[{"id":102,"href":"https:\/\/www.evergee.com.tr\/en\/wp-json\/wp\/v2\/pages\/91\/revisions\/102"}],"wp:attachment":[{"href":"https:\/\/www.evergee.com.tr\/en\/wp-json\/wp\/v2\/media?parent=91"}],"curies":[{"name":"wp","href":"https:\/\/api.w.org\/{rel}","templated":true}]}}